{"id":18557,"date":"2022-04-21T12:56:38","date_gmt":"2022-04-21T08:56:38","guid":{"rendered":"https:\/\/electromed.biz\/about\/"},"modified":"2022-04-27T12:18:09","modified_gmt":"2022-04-27T08:18:09","slug":"about","status":"publish","type":"page","link":"https:\/\/electromed.biz\/es\/about\/","title":{"rendered":"Acerca de"},"content":{"rendered":"\t\t<div data-elementor-type=\"wp-page\" data-elementor-id=\"18557\" class=\"elementor elementor-18557\">\n\t\t\t\t\t\t\t\t\t<section class=\"elementor-section elementor-top-section elementor-element elementor-element-8b60226 elementor-section-height-full elementor-section-boxed elementor-section-height-default elementor-section-items-middle\" data-id=\"8b60226\" data-element_type=\"section\" data-settings=\"{&quot;background_background&quot;:&quot;classic&quot;}\">\n\t\t\t\t\t\t\t<div class=\"elementor-background-overlay\"><\/div>\n\t\t\t\t\t\t\t<div class=\"elementor-container elementor-column-gap-default\">\n\t\t\t\t\t<div class=\"elementor-column elementor-col-100 elementor-top-column elementor-element elementor-element-4051cf6\" data-id=\"4051cf6\" data-element_type=\"column\">\n\t\t\t<div class=\"elementor-widget-wrap elementor-element-populated\">\n\t\t\t\t\t\t\t\t<div class=\"elementor-element elementor-element-11024ff elementor-widget elementor-widget-heading\" data-id=\"11024ff\" data-element_type=\"widget\" data-settings=\"{&quot;ekit_we_effect_on&quot;:&quot;none&quot;}\" data-widget_type=\"heading.default\">\n\t\t\t\t<div class=\"elementor-widget-container\">\n\t\t\t<style>\/*! elementor - v3.9.0 - 06-12-2022 *\/\n.elementor-heading-title{padding:0;margin:0;line-height:1}.elementor-widget-heading .elementor-heading-title[class*=elementor-size-]>a{color:inherit;font-size:inherit;line-height:inherit}.elementor-widget-heading .elementor-heading-title.elementor-size-small{font-size:15px}.elementor-widget-heading .elementor-heading-title.elementor-size-medium{font-size:19px}.elementor-widget-heading .elementor-heading-title.elementor-size-large{font-size:29px}.elementor-widget-heading .elementor-heading-title.elementor-size-xl{font-size:39px}.elementor-widget-heading .elementor-heading-title.elementor-size-xxl{font-size:59px}<\/style><h2 class=\"elementor-heading-title elementor-size-default\">Sobre nosotros<\/h2>\t\t<\/div>\n\t\t\t\t<\/div>\n\t\t\t\t<div class=\"elementor-element elementor-element-7e663dd elementor-widget elementor-widget-heading\" data-id=\"7e663dd\" data-element_type=\"widget\" data-settings=\"{&quot;ekit_we_effect_on&quot;:&quot;none&quot;}\" data-widget_type=\"heading.default\">\n\t\t\t\t<div class=\"elementor-widget-container\">\n\t\t\t<h2 class=\"elementor-heading-title elementor-size-default\">Obtenga m\u00e1s informaci\u00f3n sobre Electro Med<\/h2>\t\t<\/div>\n\t\t\t\t<\/div>\n\t\t\t\t\t<\/div>\n\t\t<\/div>\n\t\t\t\t\t\t\t<\/div>\n\t\t<\/section>\n\t\t\t\t<section class=\"elementor-section elementor-top-section elementor-element elementor-element-2387c96 elementor-section-boxed elementor-section-height-default elementor-section-height-default\" data-id=\"2387c96\" data-element_type=\"section\">\n\t\t\t\t\t\t<div class=\"elementor-container elementor-column-gap-default\">\n\t\t\t\t\t<div class=\"elementor-column elementor-col-100 elementor-top-column elementor-element elementor-element-087ced6\" data-id=\"087ced6\" data-element_type=\"column\">\n\t\t\t<div class=\"elementor-widget-wrap elementor-element-populated\">\n\t\t\t\t\t\t\t\t<section class=\"elementor-section elementor-inner-section elementor-element elementor-element-d97f14d elementor-section-boxed elementor-section-height-default elementor-section-height-default\" data-id=\"d97f14d\" data-element_type=\"section\">\n\t\t\t\t\t\t<div class=\"elementor-container elementor-column-gap-default\">\n\t\t\t\t\t<div class=\"elementor-column elementor-col-50 elementor-inner-column elementor-element elementor-element-e545d70\" data-id=\"e545d70\" data-element_type=\"column\">\n\t\t\t<div class=\"elementor-widget-wrap elementor-element-populated\">\n\t\t\t\t\t\t\t\t<div class=\"elementor-element elementor-element-00454a7 elementor-widget__width-initial elementor-widget elementor-widget-text-editor\" data-id=\"00454a7\" data-element_type=\"widget\" data-settings=\"{&quot;ekit_we_effect_on&quot;:&quot;none&quot;}\" data-widget_type=\"text-editor.default\">\n\t\t\t\t<div class=\"elementor-widget-container\">\n\t\t\t<style>\/*! elementor - v3.9.0 - 06-12-2022 *\/\n.elementor-widget-text-editor.elementor-drop-cap-view-stacked .elementor-drop-cap{background-color:#818a91;color:#fff}.elementor-widget-text-editor.elementor-drop-cap-view-framed .elementor-drop-cap{color:#818a91;border:3px solid;background-color:transparent}.elementor-widget-text-editor:not(.elementor-drop-cap-view-default) .elementor-drop-cap{margin-top:8px}.elementor-widget-text-editor:not(.elementor-drop-cap-view-default) .elementor-drop-cap-letter{width:1em;height:1em}.elementor-widget-text-editor .elementor-drop-cap{float:left;text-align:center;line-height:1;font-size:50px}.elementor-widget-text-editor .elementor-drop-cap-letter{display:inline-block}<\/style>\t\t\t\t<strong style=\"font-weight: 600;\">Electro Med<\/strong> ha estado organizando y construyendo exposiciones, eventos y conferencias internacionales desde 2002. En tiempos m\u00e1s recientes, la empresa ha crecido de manera sustancial y r\u00e1pida en la producci\u00f3n de eventos de clase mundial en la regi\u00f3n del CCG que presenta expositores locales e internacionales. Este \u00e9xito proviene de clasificar el Mercado Extenso, audiencias de nicho en mercados dif\u00edciles de alcanzar y ponerlos en Productos l\u00edderes del mercado.\t\t\t\t\t\t<\/div>\n\t\t\t\t<\/div>\n\t\t\t\t<div class=\"elementor-element elementor-element-5e08db7 elementor-widget__width-initial elementor-widget elementor-widget-text-editor\" data-id=\"5e08db7\" data-element_type=\"widget\" data-settings=\"{&quot;ekit_we_effect_on&quot;:&quot;none&quot;}\" data-widget_type=\"text-editor.default\">\n\t\t\t\t<div class=\"elementor-widget-container\">\n\t\t\t\t\t\t\t<p>El \u00fanico objetivo de la Compa\u00f1\u00eda es crear un entorno \u00fanico y estimulante que construya su negocio y eleve las relaciones con los clientes. Nos acercamos cuidadosamente a cada evento y exposici\u00f3n de una manera excepcional comercializable, a trav\u00e9s de mercados y consumidores (Business to Business o Business to Consumer) para garantizar que prestemos toda nuestra atenci\u00f3n a nuestros eventos y clientes.<\/p>\t\t\t\t\t\t<\/div>\n\t\t\t\t<\/div>\n\t\t\t\t<div class=\"elementor-element elementor-element-c474543 elementor-widget__width-auto elementor-absolute elementor-hidden-tablet elementor-hidden-phone elementor-widget elementor-widget-image\" data-id=\"c474543\" data-element_type=\"widget\" data-settings=\"{&quot;ekit_we_effect_on&quot;:&quot;css&quot;,&quot;_position&quot;:&quot;absolute&quot;}\" data-widget_type=\"image.default\">\n\t\t\t\t<div class=\"elementor-widget-container\">\n\t\t\t<style>\/*! elementor - v3.9.0 - 06-12-2022 *\/\n.elementor-widget-image{text-align:center}.elementor-widget-image a{display:inline-block}.elementor-widget-image a img[src$=\".svg\"]{width:48px}.elementor-widget-image img{vertical-align:middle;display:inline-block}<\/style>\t\t\t\t\t\t\t\t\t\t\t\t<img loading=\"lazy\" decoding=\"async\" width=\"186\" height=\"241\" src=\"https:\/\/electromed.biz\/wp-content\/uploads\/2022\/04\/4-New.png\" class=\"attachment-large size-large wp-image-15721\" alt=\"\" \/>\t\t\t\t\t\t\t\t\t\t\t\t\t\t\t<\/div>\n\t\t\t\t<\/div>\n\t\t\t\t\t<\/div>\n\t\t<\/div>\n\t\t\t\t<div class=\"elementor-column elementor-col-50 elementor-inner-column elementor-element elementor-element-ae1643d\" data-id=\"ae1643d\" data-element_type=\"column\">\n\t\t\t<div class=\"elementor-widget-wrap elementor-element-populated\">\n\t\t\t\t\t\t\t\t<div class=\"elementor-element elementor-element-b9c4c1a elementor-widget-tablet__width-initial elementor-widget-mobile__width-inherit elementor-widget elementor-widget-image\" data-id=\"b9c4c1a\" data-element_type=\"widget\" data-settings=\"{&quot;ekit_we_effect_on&quot;:&quot;none&quot;}\" data-widget_type=\"image.default\">\n\t\t\t\t<div class=\"elementor-widget-container\">\n\t\t\t\t\t\t\t\t\t\t\t\t\t\t\t<img loading=\"lazy\" decoding=\"async\" width=\"526\" height=\"526\" src=\"https:\/\/electromed.biz\/wp-content\/uploads\/2022\/04\/3.png\" class=\"attachment-full size-full wp-image-15042\" alt=\"\" srcset=\"https:\/\/electromed.biz\/wp-content\/uploads\/2022\/04\/3.png 526w, https:\/\/electromed.biz\/wp-content\/uploads\/2022\/04\/3-300x300.png 300w, https:\/\/electromed.biz\/wp-content\/uploads\/2022\/04\/3-150x150.png 150w\" sizes=\"auto, (max-width: 526px) 100vw, 526px\" \/>\t\t\t\t\t\t\t\t\t\t\t\t\t\t\t<\/div>\n\t\t\t\t<\/div>\n\t\t\t\t<div class=\"elementor-element elementor-element-c542a3a elementor-absolute elementor-hidden-tablet elementor-widget elementor-widget-image\" data-id=\"c542a3a\" data-element_type=\"widget\" data-settings=\"{&quot;ekit_we_effect_on&quot;:&quot;css&quot;,&quot;_position&quot;:&quot;absolute&quot;}\" data-widget_type=\"image.default\">\n\t\t\t\t<div class=\"elementor-widget-container\">\n\t\t\t\t\t\t\t\t\t\t\t\t\t\t\t<img loading=\"lazy\" decoding=\"async\" width=\"175\" height=\"175\" src=\"https:\/\/electromed.biz\/wp-content\/uploads\/2020\/01\/dot_shape.png\" class=\"attachment-large size-large wp-image-860\" alt=\"\" srcset=\"https:\/\/electromed.biz\/wp-content\/uploads\/2020\/01\/dot_shape.png 175w, https:\/\/electromed.biz\/wp-content\/uploads\/2020\/01\/dot_shape-150x150.png 150w\" sizes=\"auto, (max-width: 175px) 100vw, 175px\" \/>\t\t\t\t\t\t\t\t\t\t\t\t\t\t\t<\/div>\n\t\t\t\t<\/div>\n\t\t\t\t<div class=\"elementor-element elementor-element-dac31d4 elementor-absolute elementor-hidden-tablet elementor-widget elementor-widget-image\" data-id=\"dac31d4\" data-element_type=\"widget\" data-settings=\"{&quot;ekit_we_effect_on&quot;:&quot;css&quot;,&quot;_position&quot;:&quot;absolute&quot;}\" data-widget_type=\"image.default\">\n\t\t\t\t<div class=\"elementor-widget-container\">\n\t\t\t\t\t\t\t\t\t\t\t\t\t\t\t<img loading=\"lazy\" decoding=\"async\" width=\"175\" height=\"175\" src=\"https:\/\/electromed.biz\/wp-content\/uploads\/2020\/01\/dot_shape.png\" class=\"attachment-large size-large wp-image-860\" alt=\"\" srcset=\"https:\/\/electromed.biz\/wp-content\/uploads\/2020\/01\/dot_shape.png 175w, https:\/\/electromed.biz\/wp-content\/uploads\/2020\/01\/dot_shape-150x150.png 150w\" sizes=\"auto, (max-width: 175px) 100vw, 175px\" \/>\t\t\t\t\t\t\t\t\t\t\t\t\t\t\t<\/div>\n\t\t\t\t<\/div>\n\t\t\t\t<div class=\"elementor-element elementor-element-2a3bbe6 elementor-absolute elementor-widget-tablet__width-initial elementor-widget elementor-widget-image\" data-id=\"2a3bbe6\" data-element_type=\"widget\" data-settings=\"{&quot;_position&quot;:&quot;absolute&quot;,&quot;_animation_tablet&quot;:&quot;none&quot;,&quot;_animation_mobile&quot;:&quot;none&quot;,&quot;ekit_we_effect_on&quot;:&quot;none&quot;}\" data-widget_type=\"image.default\">\n\t\t\t\t<div class=\"elementor-widget-container\">\n\t\t\t\t\t\t\t\t\t\t\t\t\t\t\t<img loading=\"lazy\" decoding=\"async\" width=\"406\" height=\"406\" src=\"https:\/\/electromed.biz\/wp-content\/uploads\/2022\/04\/4.png\" class=\"attachment-large size-large wp-image-15043\" alt=\"\" srcset=\"https:\/\/electromed.biz\/wp-content\/uploads\/2022\/04\/4.png 406w, https:\/\/electromed.biz\/wp-content\/uploads\/2022\/04\/4-300x300.png 300w, https:\/\/electromed.biz\/wp-content\/uploads\/2022\/04\/4-150x150.png 150w\" sizes=\"auto, (max-width: 406px) 100vw, 406px\" \/>\t\t\t\t\t\t\t\t\t\t\t\t\t\t\t<\/div>\n\t\t\t\t<\/div>\n\t\t\t\t<div class=\"elementor-element elementor-element-b96db69 elementor-absolute elementor-hidden-phone elementor-widget__width-auto elementor-hidden-tablet elementor-invisible elementor-widget elementor-widget-image\" data-id=\"b96db69\" data-element_type=\"widget\" data-settings=\"{&quot;_animation&quot;:&quot;rotateInUpRight&quot;,&quot;_position&quot;:&quot;absolute&quot;,&quot;ekit_we_effect_on&quot;:&quot;css&quot;}\" data-widget_type=\"image.default\">\n\t\t\t\t<div class=\"elementor-widget-container\">\n\t\t\t\t\t\t\t\t\t\t\t\t\t\t\t<img loading=\"lazy\" decoding=\"async\" width=\"14\" height=\"13\" src=\"https:\/\/electromed.biz\/wp-content\/uploads\/2022\/04\/3-1.png\" class=\"attachment-full size-full wp-image-15506\" alt=\"\" \/>\t\t\t\t\t\t\t\t\t\t\t\t\t\t\t<\/div>\n\t\t\t\t<\/div>\n\t\t\t\t<div class=\"elementor-element elementor-element-bb144a5 elementor-absolute elementor-hidden-phone elementor-widget__width-auto elementor-hidden-tablet elementor-invisible elementor-widget elementor-widget-image\" data-id=\"bb144a5\" data-element_type=\"widget\" data-settings=\"{&quot;_animation&quot;:&quot;rotateInUpRight&quot;,&quot;_position&quot;:&quot;absolute&quot;,&quot;ekit_we_effect_on&quot;:&quot;css&quot;}\" data-widget_type=\"image.default\">\n\t\t\t\t<div class=\"elementor-widget-container\">\n\t\t\t\t\t\t\t\t\t\t\t\t\t\t\t<img loading=\"lazy\" decoding=\"async\" width=\"100\" height=\"100\" src=\"https:\/\/electromed.biz\/wp-content\/uploads\/2022\/04\/1-New.png\" class=\"attachment-full size-full wp-image-15720\" alt=\"\" \/>\t\t\t\t\t\t\t\t\t\t\t\t\t\t\t<\/div>\n\t\t\t\t<\/div>\n\t\t\t\t\t<\/div>\n\t\t<\/div>\n\t\t\t\t\t\t\t<\/div>\n\t\t<\/section>\n\t\t\t\t<div class=\"elementor-element elementor-element-b5d1d00 elementor-widget__width-initial elementor-widget elementor-widget-text-editor\" data-id=\"b5d1d00\" data-element_type=\"widget\" data-settings=\"{&quot;ekit_we_effect_on&quot;:&quot;none&quot;}\" data-widget_type=\"text-editor.default\">\n\t\t\t\t<div class=\"elementor-widget-container\">\n\t\t\t\t\t\t\t<p>Electro Med est\u00e1 motivado por creencias compartidas para demostrar el compromiso de todos los involucrados con todo lo que hacemos. Debemos integrar nuestros valores en la b\u00fasqueda de una posici\u00f3n experta en este campo; para ofrecer valores y esquemas comerciales de alta calidad, para satisfacer las necesidades de la audiencia objetivo.<\/p>\t\t\t\t\t\t<\/div>\n\t\t\t\t<\/div>\n\t\t\t\t\t<\/div>\n\t\t<\/div>\n\t\t\t\t\t\t\t<\/div>\n\t\t<\/section>\n\t\t\t\t<section class=\"elementor-section elementor-top-section elementor-element elementor-element-2addb2c elementor-section-full_width elementor-section-height-default elementor-section-height-default\" data-id=\"2addb2c\" data-element_type=\"section\" data-settings=\"{&quot;background_background&quot;:&quot;classic&quot;}\">\n\t\t\t\t\t\t<div class=\"elementor-container elementor-column-gap-default\">\n\t\t\t\t\t<div class=\"elementor-column elementor-col-50 elementor-top-column elementor-element elementor-element-61689a3\" data-id=\"61689a3\" data-element_type=\"column\" data-settings=\"{&quot;background_background&quot;:&quot;classic&quot;}\">\n\t\t\t<div class=\"elementor-widget-wrap elementor-element-populated\">\n\t\t\t\t\t\t\t\t<div class=\"elementor-element elementor-element-3010d44 elementor-widget elementor-widget-image\" data-id=\"3010d44\" data-element_type=\"widget\" data-settings=\"{&quot;ekit_we_effect_on&quot;:&quot;none&quot;}\" data-widget_type=\"image.default\">\n\t\t\t\t<div class=\"elementor-widget-container\">\n\t\t\t\t\t\t\t\t\t\t\t\t\t\t\t<img loading=\"lazy\" decoding=\"async\" width=\"768\" height=\"830\" src=\"https:\/\/electromed.biz\/wp-content\/uploads\/2022\/04\/Vision-and-Mission-768x830.png\" class=\"attachment-medium_large size-medium_large wp-image-15384\" alt=\"\" srcset=\"https:\/\/electromed.biz\/wp-content\/uploads\/2022\/04\/Vision-and-Mission-768x830.png 768w, https:\/\/electromed.biz\/wp-content\/uploads\/2022\/04\/Vision-and-Mission-278x300.png 278w, https:\/\/electromed.biz\/wp-content\/uploads\/2022\/04\/Vision-and-Mission.png 854w\" sizes=\"auto, (max-width: 768px) 100vw, 768px\" \/>\t\t\t\t\t\t\t\t\t\t\t\t\t\t\t<\/div>\n\t\t\t\t<\/div>\n\t\t\t\t\t<\/div>\n\t\t<\/div>\n\t\t\t\t<div class=\"elementor-column elementor-col-50 elementor-top-column elementor-element elementor-element-c836bd0\" data-id=\"c836bd0\" data-element_type=\"column\" data-settings=\"{&quot;background_background&quot;:&quot;classic&quot;}\">\n\t\t\t<div class=\"elementor-widget-wrap elementor-element-populated\">\n\t\t\t\t\t\t\t\t<div class=\"elementor-element elementor-element-c585370 elementor-widget elementor-widget-heading\" data-id=\"c585370\" data-element_type=\"widget\" data-settings=\"{&quot;ekit_we_effect_on&quot;:&quot;none&quot;}\" data-widget_type=\"heading.default\">\n\t\t\t\t<div class=\"elementor-widget-container\">\n\t\t\t<h2 class=\"elementor-heading-title elementor-size-default\">Nuestra visi\u00f3n<\/h2>\t\t<\/div>\n\t\t\t\t<\/div>\n\t\t\t\t<div class=\"elementor-element elementor-element-42dff36 elementor-widget__width-initial elementor-widget elementor-widget-heading\" data-id=\"42dff36\" data-element_type=\"widget\" data-settings=\"{&quot;ekit_we_effect_on&quot;:&quot;none&quot;}\" data-widget_type=\"heading.default\">\n\t\t\t\t<div class=\"elementor-widget-container\">\n\t\t\t<h2 class=\"elementor-heading-title elementor-size-default\">Convertirse en la empresa l\u00edder de gesti\u00f3n de eventos en los EAU.<\/h2>\t\t<\/div>\n\t\t\t\t<\/div>\n\t\t\t\t<div class=\"elementor-element elementor-element-55c6eb4 elementor-widget elementor-widget-spacer\" data-id=\"55c6eb4\" data-element_type=\"widget\" data-settings=\"{&quot;ekit_we_effect_on&quot;:&quot;none&quot;}\" data-widget_type=\"spacer.default\">\n\t\t\t\t<div class=\"elementor-widget-container\">\n\t\t\t<style>\/*! elementor - v3.9.0 - 06-12-2022 *\/\n.elementor-column .elementor-spacer-inner{height:var(--spacer-size)}.e-con{--container-widget-width:100%}.e-con-inner>.elementor-widget-spacer,.e-con>.elementor-widget-spacer{width:var(--container-widget-width,var(--spacer-size));--align-self:var(--container-widget-align-self,initial);--flex-shrink:0}.e-con-inner>.elementor-widget-spacer>.elementor-widget-container,.e-con-inner>.elementor-widget-spacer>.elementor-widget-container>.elementor-spacer,.e-con>.elementor-widget-spacer>.elementor-widget-container,.e-con>.elementor-widget-spacer>.elementor-widget-container>.elementor-spacer{height:100%}.e-con-inner>.elementor-widget-spacer>.elementor-widget-container>.elementor-spacer>.elementor-spacer-inner,.e-con>.elementor-widget-spacer>.elementor-widget-container>.elementor-spacer>.elementor-spacer-inner{height:var(--container-widget-height,var(--spacer-size))}<\/style>\t\t<div class=\"elementor-spacer\">\n\t\t\t<div class=\"elementor-spacer-inner\"><\/div>\n\t\t<\/div>\n\t\t\t\t<\/div>\n\t\t\t\t<\/div>\n\t\t\t\t<div class=\"elementor-element elementor-element-eb0b6cc elementor-widget elementor-widget-heading\" data-id=\"eb0b6cc\" data-element_type=\"widget\" data-settings=\"{&quot;ekit_we_effect_on&quot;:&quot;none&quot;}\" data-widget_type=\"heading.default\">\n\t\t\t\t<div class=\"elementor-widget-container\">\n\t\t\t<h2 class=\"elementor-heading-title elementor-size-default\">Nuestra misi\u00f3n<\/h2>\t\t<\/div>\n\t\t\t\t<\/div>\n\t\t\t\t<div class=\"elementor-element elementor-element-56f9c9a elementor-widget__width-initial elementor-widget elementor-widget-heading\" data-id=\"56f9c9a\" data-element_type=\"widget\" data-settings=\"{&quot;ekit_we_effect_on&quot;:&quot;none&quot;}\" data-widget_type=\"heading.default\">\n\t\t\t\t<div class=\"elementor-widget-container\">\n\t\t\t<h2 class=\"elementor-heading-title elementor-size-default\">Brindar las mejores experiencias posibles a nuestros clientes e invitados.<\/h2>\t\t<\/div>\n\t\t\t\t<\/div>\n\t\t\t\t\t<\/div>\n\t\t<\/div>\n\t\t\t\t\t\t\t<\/div>\n\t\t<\/section>\n\t\t\t\t<section class=\"elementor-section elementor-top-section elementor-element elementor-element-27f080a elementor-section-content-middle elementor-section-boxed elementor-section-height-default elementor-section-height-default\" data-id=\"27f080a\" data-element_type=\"section\">\n\t\t\t\t\t\t<div class=\"elementor-container elementor-column-gap-default\">\n\t\t\t\t\t<div class=\"elementor-column elementor-col-100 elementor-top-column elementor-element elementor-element-3e0952d\" data-id=\"3e0952d\" data-element_type=\"column\">\n\t\t\t<div class=\"elementor-widget-wrap elementor-element-populated\">\n\t\t\t\t\t\t\t\t<div class=\"elementor-element elementor-element-677b807 elementor-widget elementor-widget-elementskit-heading\" data-id=\"677b807\" data-element_type=\"widget\" data-settings=\"{&quot;ekit_we_effect_on&quot;:&quot;none&quot;}\" data-widget_type=\"elementskit-heading.default\">\n\t\t\t\t<div class=\"elementor-widget-container\">\n\t\t\t<div class=\"ekit-wid-con\" ><div class=\"ekit-heading elementskit-section-title-wraper text_center   ekit_heading_tablet-   ekit_heading_mobile-\"><p class=\"elementskit-section-subtitle  \">\n\t\t\t\t\t\t# Hag\u00e1moslo apurarse\n\t\t\t\t\t<\/p><h2 class=\"ekit-heading--title elementskit-section-title \">\n\t\t\t\t\t\u00bfA\u00fan no has reservado tu pabell\u00f3n?<br>Vamos a hacerlo por ti\n\t\t\t\t\t<\/h2><\/div><\/div>\t\t<\/div>\n\t\t\t\t<\/div>\n\t\t\t\t<div class=\"elementor-element elementor-element-b43f67a elementor-widget elementor-widget-text-editor\" data-id=\"b43f67a\" data-element_type=\"widget\" data-settings=\"{&quot;ekit_we_effect_on&quot;:&quot;none&quot;}\" data-widget_type=\"text-editor.default\">\n\t\t\t\t<div class=\"elementor-widget-container\">\n\t\t\t\t\t\t\t<p>A medida que el resto del mundo enfrenta una recesi\u00f3n econ\u00f3mica, el Medio Oriente contin\u00faa prosperando y es visto por muchos como una regi\u00f3n para el crecimiento sostenible en los pr\u00f3ximos a\u00f1os. El Medio Oriente tiene una poblaci\u00f3n de aprox. 190 millones con una tasa de crecimiento de 2.6 % casi 20 veces mayor que la UE en los Estados Unidos; Una de las regiones de m\u00e1s r\u00e1pido desarrollo del mundo.<\/p>\t\t\t\t\t\t<\/div>\n\t\t\t\t<\/div>\n\t\t\t\t<div class=\"elementor-element elementor-element-c1a7c6c elementor-widget elementor-widget-text-editor\" data-id=\"c1a7c6c\" data-element_type=\"widget\" data-settings=\"{&quot;ekit_we_effect_on&quot;:&quot;none&quot;}\" data-widget_type=\"text-editor.default\">\n\t\t\t\t<div class=\"elementor-widget-container\">\n\t\t\t\t\t\t\t<strong style=\"font-weight: 600;\">Aldea global<\/strong> brinda a sus expositores una oportunidad \u00fanica de estar en contacto directo con compradores espec\u00edficos, construir relaciones, comprender el mercado y expandir su red de ventas en la regi\u00f3n.\t\t\t\t\t\t<\/div>\n\t\t\t\t<\/div>\n\t\t\t\t<div class=\"elementor-element elementor-element-44122e6 elementor-widget elementor-widget-spacer\" data-id=\"44122e6\" data-element_type=\"widget\" data-settings=\"{&quot;ekit_we_effect_on&quot;:&quot;none&quot;}\" data-widget_type=\"spacer.default\">\n\t\t\t\t<div class=\"elementor-widget-container\">\n\t\t\t\t\t<div class=\"elementor-spacer\">\n\t\t\t<div class=\"elementor-spacer-inner\"><\/div>\n\t\t<\/div>\n\t\t\t\t<\/div>\n\t\t\t\t<\/div>\n\t\t\t\t<div class=\"elementor-element elementor-element-f41ae04 elementor-widget elementor-widget-elementskit-button\" data-id=\"f41ae04\" data-element_type=\"widget\" data-settings=\"{&quot;ekit_we_effect_on&quot;:&quot;none&quot;}\" data-widget_type=\"elementskit-button.default\">\n\t\t\t\t<div class=\"elementor-widget-container\">\n\t\t\t<div class=\"ekit-wid-con\" >\t\t<div class=\"ekit-btn-wraper\">\n\t\t\t\t\t\t\t<a href=\"https:\/\/electromed.biz\/contact\/\" class=\"elementskit-btn  whitespace--normal\" >\n\t\t\t\t\t\n\t\t\t\t\t\n\t\t\t\t\tCONT\u00c1CTENOS\t\t\t\t<\/a>\n\t\t\t\t\t\t<\/div>\n        <\/div>\t\t<\/div>\n\t\t\t\t<\/div>\n\t\t\t\t\t<\/div>\n\t\t<\/div>\n\t\t\t\t\t\t\t<\/div>\n\t\t<\/section>\n\t\t\t\t\t\t\t<\/div>\n\t\t","protected":false},"excerpt":{"rendered":"<p>Sobre nosotros Obtenga m\u00e1s informaci\u00f3n sobre Electro Med Electro Med ha estado organizando y construyendo exposiciones, eventos y conferencias internacionales desde 2002. En tiempos m\u00e1s recientes, la empresa ha crecido de manera sustancial y r\u00e1pida en la producci\u00f3n de eventos de clase mundial en la regi\u00f3n del CCG que presenta expositores locales e internacionales. Este [&hellip;]<\/p>\n","protected":false},"author":1,"featured_media":0,"parent":0,"menu_order":0,"comment_status":"closed","ping_status":"closed","template":"elementor_header_footer","meta":{"footnotes":""},"class_list":["post-18557","page","type-page","status-publish","hentry"],"acf":[],"_links":{"self":[{"href":"https:\/\/electromed.biz\/es\/wp-json\/wp\/v2\/pages\/18557","targetHints":{"allow":["GET"]}}],"collection":[{"href":"https:\/\/electromed.biz\/es\/wp-json\/wp\/v2\/pages"}],"about":[{"href":"https:\/\/electromed.biz\/es\/wp-json\/wp\/v2\/types\/page"}],"author":[{"embeddable":true,"href":"https:\/\/electromed.biz\/es\/wp-json\/wp\/v2\/users\/1"}],"replies":[{"embeddable":true,"href":"https:\/\/electromed.biz\/es\/wp-json\/wp\/v2\/comments?post=18557"}],"version-history":[{"count":5,"href":"https:\/\/electromed.biz\/es\/wp-json\/wp\/v2\/pages\/18557\/revisions"}],"predecessor-version":[{"id":18562,"href":"https:\/\/electromed.biz\/es\/wp-json\/wp\/v2\/pages\/18557\/revisions\/18562"}],"wp:attachment":[{"href":"https:\/\/electromed.biz\/es\/wp-json\/wp\/v2\/media?parent=18557"}],"curies":[{"name":"wp","href":"https:\/\/api.w.org\/{rel}","templated":true}]}}