{"id":18638,"date":"2022-04-21T15:21:05","date_gmt":"2022-04-21T11:21:05","guid":{"rendered":"https:\/\/electromed.biz\/artistic-events\/"},"modified":"2022-04-29T16:29:01","modified_gmt":"2022-04-29T12:29:01","slug":"artistic-events","status":"publish","type":"page","link":"https:\/\/electromed.biz\/ja\/artistic-events\/","title":{"rendered":"\u51fa\u6f14\u8005"},"content":{"rendered":"\t\t<div data-elementor-type=\"wp-page\" data-elementor-id=\"18638\" class=\"elementor elementor-18638\">\n\t\t\t\t\t\t\t\t\t<section class=\"elementor-section elementor-top-section elementor-element elementor-element-a406ad7 elementor-section-height-full elementor-section-content-middle elementor-section-boxed elementor-section-height-default elementor-section-items-middle\" data-id=\"a406ad7\" data-element_type=\"section\" data-settings=\"{&quot;background_background&quot;:&quot;classic&quot;}\">\n\t\t\t\t\t\t\t<div class=\"elementor-background-overlay\"><\/div>\n\t\t\t\t\t\t\t<div class=\"elementor-container elementor-column-gap-default\">\n\t\t\t\t\t<div class=\"elementor-column elementor-col-100 elementor-top-column elementor-element elementor-element-9c8149d\" data-id=\"9c8149d\" data-element_type=\"column\">\n\t\t\t<div class=\"elementor-widget-wrap elementor-element-populated\">\n\t\t\t\t\t\t\t\t<div class=\"elementor-element elementor-element-66d11eb elementor-widget elementor-widget-heading\" data-id=\"66d11eb\" data-element_type=\"widget\" data-settings=\"{&quot;ekit_we_effect_on&quot;:&quot;none&quot;}\" data-widget_type=\"heading.default\">\n\t\t\t\t<div class=\"elementor-widget-container\">\n\t\t\t<style>\/*! elementor - v3.9.0 - 06-12-2022 *\/\n.elementor-heading-title{padding:0;margin:0;line-height:1}.elementor-widget-heading .elementor-heading-title[class*=elementor-size-]>a{color:inherit;font-size:inherit;line-height:inherit}.elementor-widget-heading .elementor-heading-title.elementor-size-small{font-size:15px}.elementor-widget-heading .elementor-heading-title.elementor-size-medium{font-size:19px}.elementor-widget-heading .elementor-heading-title.elementor-size-large{font-size:29px}.elementor-widget-heading .elementor-heading-title.elementor-size-xl{font-size:39px}.elementor-widget-heading .elementor-heading-title.elementor-size-xxl{font-size:59px}<\/style><h2 class=\"elementor-heading-title elementor-size-default\">\u51fa\u6f14\u8005<\/h2>\t\t<\/div>\n\t\t\t\t<\/div>\n\t\t\t\t\t<\/div>\n\t\t<\/div>\n\t\t\t\t\t\t\t<\/div>\n\t\t<\/section>\n\t\t\t\t<section class=\"elementor-section elementor-top-section elementor-element elementor-element-36751da elementor-section-boxed elementor-section-height-default elementor-section-height-default\" data-id=\"36751da\" data-element_type=\"section\">\n\t\t\t\t\t\t<div class=\"elementor-container elementor-column-gap-default\">\n\t\t\t\t\t<div class=\"elementor-column elementor-col-100 elementor-top-column elementor-element elementor-element-b3dbd40\" data-id=\"b3dbd40\" data-element_type=\"column\">\n\t\t\t<div class=\"elementor-widget-wrap elementor-element-populated\">\n\t\t\t\t\t\t\t\t<div class=\"elementor-element elementor-element-3bec077 elementor-widget elementor-widget-heading\" data-id=\"3bec077\" data-element_type=\"widget\" data-settings=\"{&quot;ekit_we_effect_on&quot;:&quot;none&quot;}\" data-widget_type=\"heading.default\">\n\t\t\t\t<div class=\"elementor-widget-container\">\n\t\t\t<h2 class=\"elementor-heading-title elementor-size-default\">\u4ee5\u524d\u306e\u30d1\u30d5\u30a9\u30fc\u30de\u30fc<\/h2>\t\t<\/div>\n\t\t\t\t<\/div>\n\t\t\t\t<div class=\"elementor-element elementor-element-521ccc3 elementor-widget elementor-widget-evenex-eventin-event\" data-id=\"521ccc3\" data-element_type=\"widget\" data-settings=\"{&quot;ekit_we_effect_on&quot;:&quot;none&quot;}\" data-widget_type=\"evenex-eventin-event.default\">\n\t\t\t\t<div class=\"elementor-widget-container\">\n\t\t\t                            <!-- slider and list style here -->\n                <!-- \/ start heading section -->\n<!-- \/ end heading section -->\n<div class=\"etn-row etn-event-wrapper evenex-etn-event xs-event-archive-wrap\">\n\n<!-- \/ slider wraper -->\n<!-- \/ slider wraper -->\n    <div class=\"etn-col-md-6 etn-col-lg-4\">\n        <div class=\"etn-event-item\">\n            <!-- thumbnail -->\n                            \t\t<div class=\"etn-event-thumb\">\n\t\t\t<a href=\"https:\/\/electromed.biz\/ja\/etn\/music-band-of-japanese-pavilion-2021-2022\/\">\n\t\t\t\t<img decoding=\"async\" src=\"https:\/\/electromed.biz\/wp-content\/uploads\/2022\/04\/Untitled-1-1.jpg\" alt=\"\u51fa\u6f14\u8005\">\n\t\t\t<\/a>\n\t\t\t\t\t\t\t<div class=\"xs_etn_thumb_meta_wraper\">\n\t\t\t\t\t\t\t\t\t\t\t\t\t\t<a class=\"xs-event-term\" href=\"https:\/\/electromed.biz\/ja\/etn_category\/performers-ja\/\">\n\t\t\t\t\t\t<span>\u51fa\u6f14\u8005<\/span> \t\t\t\t\t<\/a>\n\t\t\t\t\t\t\t\t\t\t\t\t\t<\/div>\n\t\t\t\t\t<\/div>\n\t\t                        <!-- thumbnail start-->\n\n            <!-- content start-->\n            \t\t<div class=\"etn-event-content\">\n\t\t\t<div class=\"xs-event-item-header\">\n\t\t\t\t\t\t\t\t<div class=\"xs-event-meta\">\n\t\t\t\t\t\t\t\t\t\t\t\t\t\t\t\t\t<span class=\"etn-event-date\">\n\t\t\t\t\t\t\t<i class=\"far fa-calendar-alt\"><\/i>\n\t\t\t\t\t\t\t01\/01\/1970\t\t\t\t\t\t<\/span>\n\t\t\t\t\t\t\t\t\t\t\t\t\t\t\t\t\t\t\t<span class=\"etn-event-location\"><i class=\"fas fa-map-marker-alt\"><\/i> \u30a2\u30e9\u30d6\u9996\u9577\u56fd\u9023\u90a6\u306e\u30b0\u30ed\u30fc\u30d0\u30eb\u30d3\u30ec\u30c3\u30b8<\/span>\n\t\t\t\t\t\t\t\t\t\t\t\t\t\t\t<\/div>\n\t\t\t\t\t\t\t\t<h3 class=\"etn-title etn-event-title\"><a href=\"https:\/\/electromed.biz\/ja\/etn\/music-band-of-japanese-pavilion-2021-2022\/\"> \u65e5\u672c\u306e\u30d1\u30d3\u30ea\u30aa\u30f3\u306e\u30d1\u30d5\u30a9<\/a> <\/h3>\n\t\t\t<\/div>\n\t\t\t\t\t<\/div>\n\t\t            <!-- content end-->\n        <\/div>\n        <!-- etn event item end-->\n    <\/div>\n    <div class=\"etn-col-md-6 etn-col-lg-4\">\n        <div class=\"etn-event-item\">\n            <!-- thumbnail -->\n                            \t\t<div class=\"etn-event-thumb\">\n\t\t\t<a href=\"https:\/\/electromed.biz\/ja\/etn\/music-band-of-korean-pavilion-2021-2022\/\">\n\t\t\t\t<img decoding=\"async\" src=\"https:\/\/electromed.biz\/wp-content\/uploads\/2022\/04\/Music-band-of-Korean-pavilion-2021-2022.jpg\" alt=\"\u51fa\u6f14\u8005\">\n\t\t\t<\/a>\n\t\t\t\t\t\t\t<div class=\"xs_etn_thumb_meta_wraper\">\n\t\t\t\t\t\t\t\t\t\t\t\t\t\t<a class=\"xs-event-term\" href=\"https:\/\/electromed.biz\/ja\/etn_category\/performers-ja\/\">\n\t\t\t\t\t\t<span>\u51fa\u6f14\u8005<\/span> \t\t\t\t\t<\/a>\n\t\t\t\t\t\t\t\t\t\t\t\t\t<\/div>\n\t\t\t\t\t<\/div>\n\t\t                        <!-- thumbnail start-->\n\n            <!-- content start-->\n            \t\t<div class=\"etn-event-content\">\n\t\t\t<div class=\"xs-event-item-header\">\n\t\t\t\t\t\t\t\t<div class=\"xs-event-meta\">\n\t\t\t\t\t\t\t\t\t\t\t\t\t\t\t\t\t<span class=\"etn-event-date\">\n\t\t\t\t\t\t\t<i class=\"far fa-calendar-alt\"><\/i>\n\t\t\t\t\t\t\t01\/01\/1970\t\t\t\t\t\t<\/span>\n\t\t\t\t\t\t\t\t\t\t\t\t\t\t\t\t\t\t\t<span class=\"etn-event-location\"><i class=\"fas fa-map-marker-alt\"><\/i> \u30a2\u30e9\u30d6\u9996\u9577\u56fd\u9023\u90a6\u306e\u30b0\u30ed\u30fc\u30d0\u30eb\u30d3\u30ec\u30c3\u30b8<\/span>\n\t\t\t\t\t\t\t\t\t\t\t\t\t\t\t<\/div>\n\t\t\t\t\t\t\t\t<h3 class=\"etn-title etn-event-title\"><a href=\"https:\/\/electromed.biz\/ja\/etn\/music-band-of-korean-pavilion-2021-2022\/\"> \u97d3\u56fd\u30d1\u30d3\u30ea\u30aa\u30f3\u306e\u97f3\u697d\u30d0\u30f3<\/a> <\/h3>\n\t\t\t<\/div>\n\t\t\t\t\t<\/div>\n\t\t            <!-- content end-->\n        <\/div>\n        <!-- etn event item end-->\n    <\/div>\n    <div class=\"etn-col-md-6 etn-col-lg-4\">\n        <div class=\"etn-event-item\">\n            <!-- thumbnail -->\n                            \t\t<div class=\"etn-event-thumb\">\n\t\t\t<a href=\"https:\/\/electromed.biz\/ja\/etn\/dance-show-of-korean-pavilion-2021-2022\/\">\n\t\t\t\t<img decoding=\"async\" src=\"https:\/\/electromed.biz\/wp-content\/uploads\/2022\/04\/Untitled-1-2.jpg\" alt=\"\u51fa\u6f14\u8005\">\n\t\t\t<\/a>\n\t\t\t\t\t\t\t<div class=\"xs_etn_thumb_meta_wraper\">\n\t\t\t\t\t\t\t\t\t\t\t\t\t\t<a class=\"xs-event-term\" href=\"https:\/\/electromed.biz\/ja\/etn_category\/performers-ja\/\">\n\t\t\t\t\t\t<span>\u51fa\u6f14\u8005<\/span> \t\t\t\t\t<\/a>\n\t\t\t\t\t\t\t\t\t\t\t\t\t<\/div>\n\t\t\t\t\t<\/div>\n\t\t                        <!-- thumbnail start-->\n\n            <!-- content start-->\n            \t\t<div class=\"etn-event-content\">\n\t\t\t<div class=\"xs-event-item-header\">\n\t\t\t\t\t\t\t\t<div class=\"xs-event-meta\">\n\t\t\t\t\t\t\t\t\t\t\t\t\t\t\t\t\t<span class=\"etn-event-date\">\n\t\t\t\t\t\t\t<i class=\"far fa-calendar-alt\"><\/i>\n\t\t\t\t\t\t\t26\/10\/2021\t\t\t\t\t\t<\/span>\n\t\t\t\t\t\t\t\t\t\t\t\t\t\t\t\t\t\t\t<span class=\"etn-event-location\"><i class=\"fas fa-map-marker-alt\"><\/i> \u30a2\u30e9\u30d6\u9996\u9577\u56fd\u9023\u90a6\u306e\u30b0\u30ed\u30fc\u30d0\u30eb\u30d3\u30ec\u30c3\u30b8<\/span>\n\t\t\t\t\t\t\t\t\t\t\t\t\t\t\t<\/div>\n\t\t\t\t\t\t\t\t<h3 class=\"etn-title etn-event-title\"><a href=\"https:\/\/electromed.biz\/ja\/etn\/dance-show-of-korean-pavilion-2021-2022\/\"> \u97d3\u56fd\u30d1\u30d3\u30ea\u30aa\u30f3\u306e\u30c0\u30f3\u30b9\u30b7<\/a> <\/h3>\n\t\t\t<\/div>\n\t\t\t\t\t<\/div>\n\t\t            <!-- content end-->\n        <\/div>\n        <!-- etn event item end-->\n    <\/div>\n    <div class=\"etn-col-md-6 etn-col-lg-4\">\n        <div class=\"etn-event-item\">\n            <!-- thumbnail -->\n                            \t\t<div class=\"etn-event-thumb\">\n\t\t\t<a href=\"https:\/\/electromed.biz\/ja\/etn\/popular-performance-of-americas-pavilion-2021-2022\/\">\n\t\t\t\t<img decoding=\"async\" src=\"https:\/\/electromed.biz\/wp-content\/uploads\/2022\/04\/Untitled-1-3.jpg\" alt=\"\u51fa\u6f14\u8005\">\n\t\t\t<\/a>\n\t\t\t\t\t\t\t<div class=\"xs_etn_thumb_meta_wraper\">\n\t\t\t\t\t\t\t\t\t\t\t\t\t\t<a class=\"xs-event-term\" href=\"https:\/\/electromed.biz\/ja\/etn_category\/performers-ja\/\">\n\t\t\t\t\t\t<span>\u51fa\u6f14\u8005<\/span> \t\t\t\t\t<\/a>\n\t\t\t\t\t\t\t\t\t\t\t\t\t<\/div>\n\t\t\t\t\t<\/div>\n\t\t                        <!-- thumbnail start-->\n\n            <!-- content start-->\n            \t\t<div class=\"etn-event-content\">\n\t\t\t<div class=\"xs-event-item-header\">\n\t\t\t\t\t\t\t\t<div class=\"xs-event-meta\">\n\t\t\t\t\t\t\t\t\t\t\t\t\t\t\t\t\t<span class=\"etn-event-date\">\n\t\t\t\t\t\t\t<i class=\"far fa-calendar-alt\"><\/i>\n\t\t\t\t\t\t\t26\/10\/2021\t\t\t\t\t\t<\/span>\n\t\t\t\t\t\t\t\t\t\t\t\t\t\t\t\t\t\t\t<span class=\"etn-event-location\"><i class=\"fas fa-map-marker-alt\"><\/i> \u30a2\u30e9\u30d6\u9996\u9577\u56fd\u9023\u90a6\u306e\u30b0\u30ed\u30fc\u30d0\u30eb\u30d3\u30ec\u30c3\u30b8<\/span>\n\t\t\t\t\t\t\t\t\t\t\t\t\t\t\t<\/div>\n\t\t\t\t\t\t\t\t<h3 class=\"etn-title etn-event-title\"><a href=\"https:\/\/electromed.biz\/ja\/etn\/popular-performance-of-americas-pavilion-2021-2022\/\"> \u30a2\u30e1\u30ea\u30ab\u30d1\u30d3\u30ea\u30aa\u30f3202<\/a> <\/h3>\n\t\t\t<\/div>\n\t\t\t\t\t<\/div>\n\t\t            <!-- content end-->\n        <\/div>\n        <!-- etn event item end-->\n    <\/div>\n<!-- \/ slider wraper div end -->\n<!-- \/ slider wraper div end -->\n<\/div>\n                <!-- \/\/---- -->\n                        \t\t<\/div>\n\t\t\t\t<\/div>\n\t\t\t\t\t<\/div>\n\t\t<\/div>\n\t\t\t\t\t\t\t<\/div>\n\t\t<\/section>\n\t\t\t\t\t\t\t<\/div>\n\t\t","protected":false},"excerpt":{"rendered":"<p>\u51fa\u6f14\u8005 \u4ee5\u524d\u306e\u30d1\u30d5\u30a9\u30fc\u30de\u30fc Int\u00e9rpretes 01\/01\/1970 Pueblo global, EAU Banda musical del pabell\u00f3n japon\u00e9s 2021-2022 Int\u00e9rpret [&hellip;]<\/p>\n","protected":false},"author":1,"featured_media":0,"parent":0,"menu_order":0,"comment_status":"closed","ping_status":"closed","template":"elementor_header_footer","meta":{"footnotes":""},"class_list":["post-18638","page","type-page","status-publish","hentry"],"acf":[],"_links":{"self":[{"href":"https:\/\/electromed.biz\/ja\/wp-json\/wp\/v2\/pages\/18638","targetHints":{"allow":["GET"]}}],"collection":[{"href":"https:\/\/electromed.biz\/ja\/wp-json\/wp\/v2\/pages"}],"about":[{"href":"https:\/\/electromed.biz\/ja\/wp-json\/wp\/v2\/types\/page"}],"author":[{"embeddable":true,"href":"https:\/\/electromed.biz\/ja\/wp-json\/wp\/v2\/users\/1"}],"replies":[{"embeddable":true,"href":"https:\/\/electromed.biz\/ja\/wp-json\/wp\/v2\/comments?post=18638"}],"version-history":[{"count":9,"href":"https:\/\/electromed.biz\/ja\/wp-json\/wp\/v2\/pages\/18638\/revisions"}],"predecessor-version":[{"id":20418,"href":"https:\/\/electromed.biz\/ja\/wp-json\/wp\/v2\/pages\/18638\/revisions\/20418"}],"wp:attachment":[{"href":"https:\/\/electromed.biz\/ja\/wp-json\/wp\/v2\/media?parent=18638"}],"curies":[{"name":"wp","href":"https:\/\/api.w.org\/{rel}","templated":true}]}}